{"id":215,"date":"2024-04-25T16:49:14","date_gmt":"2024-04-25T13:49:14","guid":{"rendered":"https:\/\/unak2024.unak.org.tr\/?page_id=215"},"modified":"2024-10-04T09:36:15","modified_gmt":"2024-10-04T06:36:15","slug":"kayit-sayfasi","status":"publish","type":"page","link":"https:\/\/unak2024.unak.org.tr\/index.php\/kayit-sayfasi\/","title":{"rendered":"Kay\u0131t Sayfas\u0131"},"content":{"rendered":"\t\t<div data-elementor-type=\"wp-page\" data-elementor-id=\"215\" class=\"elementor elementor-215\">\n\t\t\t\t<div class=\"elementor-element elementor-element-7f7e3d2 e-flex e-con-boxed e-con e-parent\" data-id=\"7f7e3d2\" data-element_type=\"container\" data-settings=\"{&quot;jet_parallax_layout_list&quot;:[]}\">\n\t\t\t\t\t<div class=\"e-con-inner\">\n\t\t\t\t<div class=\"elementor-element elementor-element-8597bfd elementor-widget elementor-widget-text-editor\" data-id=\"8597bfd\" data-element_type=\"widget\" data-widget_type=\"text-editor.default\">\n\t\t\t\t<div class=\"elementor-widget-container\">\n\t\t\t\t\t\t\t\t\t<h4 style=\"text-align: center;\"><span style=\"color: #333333;\">Kay\u0131tlar\u0131m\u0131z kapanm\u0131\u015ft\u0131r.<\/span><\/h4><h4 style=\"text-align: center;\"><span style=\"color: #333333;\">\u0130lginiz i\u00e7in te\u015fekk\u00fcr ederiz.<\/span><\/h4><h4 style=\"text-align: center;\"><strong><span style=\"color: #333333;\">\u00dcNAK<\/span><\/strong><\/h4>\t\t\t\t\t\t\t\t<\/div>\n\t\t\t\t<\/div>\n\t\t\t\t\t<\/div>\n\t\t\t\t<\/div>\n\t\t\t\t<\/div>\n\t\t","protected":false},"excerpt":{"rendered":"<p>Kay\u0131tlar\u0131m\u0131z kapanm\u0131\u015ft\u0131r. \u0130lginiz i\u00e7in te\u015fekk\u00fcr ederiz. \u00dcNAK<\/p>\n","protected":false},"author":1,"featured_media":0,"parent":0,"menu_order":0,"comment_status":"closed","ping_status":"closed","template":"elementor_header_footer","meta":{"_jf_save_progress":"","footnotes":""},"_links":{"self":[{"href":"https:\/\/unak2024.unak.org.tr\/index.php\/wp-json\/wp\/v2\/pages\/215"}],"collection":[{"href":"https:\/\/unak2024.unak.org.tr\/index.php\/wp-json\/wp\/v2\/pages"}],"about":[{"href":"https:\/\/unak2024.unak.org.tr\/index.php\/wp-json\/wp\/v2\/types\/page"}],"author":[{"embeddable":true,"href":"https:\/\/unak2024.unak.org.tr\/index.php\/wp-json\/wp\/v2\/users\/1"}],"replies":[{"embeddable":true,"href":"https:\/\/unak2024.unak.org.tr\/index.php\/wp-json\/wp\/v2\/comments?post=215"}],"version-history":[{"count":44,"href":"https:\/\/unak2024.unak.org.tr\/index.php\/wp-json\/wp\/v2\/pages\/215\/revisions"}],"predecessor-version":[{"id":1373,"href":"https:\/\/unak2024.unak.org.tr\/index.php\/wp-json\/wp\/v2\/pages\/215\/revisions\/1373"}],"wp:attachment":[{"href":"https:\/\/unak2024.unak.org.tr\/index.php\/wp-json\/wp\/v2\/media?parent=215"}],"curies":[{"name":"wp","href":"https:\/\/api.w.org\/{rel}","templated":true}]}}