{"id":324,"date":"2024-04-30T08:22:48","date_gmt":"2024-04-30T05:22:48","guid":{"rendered":"https:\/\/unak2024.unak.org.tr\/?page_id=324"},"modified":"2024-07-15T07:34:38","modified_gmt":"2024-07-15T04:34:38","slug":"iletisim","status":"publish","type":"page","link":"https:\/\/unak2024.unak.org.tr\/index.php\/iletisim\/","title":{"rendered":"\u0130leti\u015fim"},"content":{"rendered":"\t\t<div data-elementor-type=\"wp-page\" data-elementor-id=\"324\" class=\"elementor elementor-324\">\n\t\t\t\t<div class=\"elementor-element elementor-element-5c4f08b e-flex e-con-boxed e-con e-parent\" data-id=\"5c4f08b\" data-element_type=\"container\" data-settings=\"{&quot;jet_parallax_layout_list&quot;:[]}\">\n\t\t\t\t\t<div class=\"e-con-inner\">\n\t\t\t\t<div class=\"elementor-element elementor-element-4b87c2b elementor-widget elementor-widget-heading\" data-id=\"4b87c2b\" data-element_type=\"widget\" data-widget_type=\"heading.default\">\n\t\t\t\t<div class=\"elementor-widget-container\">\n\t\t\t\t\t<h3 class=\"elementor-heading-title elementor-size-default\">\u0130leti\u015fim<\/h3>\t\t\t\t<\/div>\n\t\t\t\t<\/div>\n\t\t\t\t\t<\/div>\n\t\t\t\t<\/div>\n\t\t<div class=\"elementor-element elementor-element-784fced e-flex e-con-boxed e-con e-parent\" data-id=\"784fced\" data-element_type=\"container\" data-settings=\"{&quot;jet_parallax_layout_list&quot;:[]}\">\n\t\t\t\t\t<div class=\"e-con-inner\">\n\t\t\t\t<div class=\"elementor-element elementor-element-01bcc46 elementor-widget elementor-widget-text-editor\" data-id=\"01bcc46\" data-element_type=\"widget\" data-widget_type=\"text-editor.default\">\n\t\t\t\t<div class=\"elementor-widget-container\">\n\t\t\t\t\t\t\t\t\t<h5><strong>\u00dcniversite ve Ara\u015ft\u0131rma K\u00fct\u00fcphanecileri Derne\u011fi (\u00dcNAK)<\/strong><\/h5><p><strong>Adres: <\/strong>Fidanl\u0131k Mah., Marmara Sok. No:38\/17, 06420 Yeni\u015fehir \/ \u00c7ankaya \/ Ankara<\/p><p><strong>Tel:<\/strong> +90 (312) 430 03 61<\/p><p><strong>E-posta: <\/strong><a href=\"mailto:unak@unak.org.tr\">sempozyum@unak.org.tr<\/a><\/p><p><strong>Web:\u00a0 <\/strong><a href=\"https:\/\/unak.org.tr\/\">https:\/\/unak.org.tr<\/a><\/p>\t\t\t\t\t\t\t\t<\/div>\n\t\t\t\t<\/div>\n\t\t\t\t<div class=\"elementor-element elementor-element-6d60182 elementor-widget elementor-widget-spacer\" data-id=\"6d60182\" data-element_type=\"widget\" data-widget_type=\"spacer.default\">\n\t\t\t\t<div class=\"elementor-widget-container\">\n\t\t\t\t\t\t\t<div class=\"elementor-spacer\">\n\t\t\t<div class=\"elementor-spacer-inner\"><\/div>\n\t\t<\/div>\n\t\t\t\t\t\t<\/div>\n\t\t\t\t<\/div>\n\t\t\t\t\t<\/div>\n\t\t\t\t<\/div>\n\t\t<div class=\"elementor-element elementor-element-a8729e5 e-flex e-con-boxed e-con e-parent\" data-id=\"a8729e5\" data-element_type=\"container\" data-settings=\"{&quot;background_background&quot;:&quot;classic&quot;,&quot;jet_parallax_layout_list&quot;:[]}\">\n\t\t\t\t\t<div class=\"e-con-inner\">\n\t\t<div class=\"elementor-element elementor-element-d91c644 e-con-full e-flex e-con e-child\" data-id=\"d91c644\" data-element_type=\"container\" data-settings=\"{&quot;jet_parallax_layout_list&quot;:[]}\">\n\t\t\t\t<div class=\"elementor-element elementor-element-08c3ecf elementor-widget elementor-widget-heading\" data-id=\"08c3ecf\" data-element_type=\"widget\" data-widget_type=\"heading.default\">\n\t\t\t\t<div class=\"elementor-widget-container\">\n\t\t\t\t\t<h4 class=\"elementor-heading-title elementor-size-default\">Hakk\u0131nda<\/h4>\t\t\t\t<\/div>\n\t\t\t\t<\/div>\n\t\t\t\t<div class=\"elementor-element elementor-element-cbb7763 jet-nav-align-flex-start elementor-widget elementor-widget-jet-nav-menu\" data-id=\"cbb7763\" data-element_type=\"widget\" data-widget_type=\"jet-nav-menu.default\">\n\t\t\t\t<div class=\"elementor-widget-container\">\n\t\t\t\t\t<nav class=\"jet-nav-wrap m-layout-mobile jet-mobile-menu jet-mobile-menu--default\" data-mobile-trigger-device=\"mobile\" data-mobile-layout=\"default\">\n<div class=\"jet-nav__mobile-trigger jet-nav-mobile-trigger-align-left\">\n\t<span class=\"jet-nav__mobile-trigger-open jet-blocks-icon\"><svg aria-hidden=\"true\" class=\"e-font-icon-svg e-fas-bars\" viewBox=\"0 0 448 512\" xmlns=\"http:\/\/www.w3.org\/2000\/svg\"><path d=\"M16 132h416c8.837 0 16-7.163 16-16V76c0-8.837-7.163-16-16-16H16C7.163 60 0 67.163 0 76v40c0 8.837 7.163 16 16 16zm0 160h416c8.837 0 16-7.163 16-16v-40c0-8.837-7.163-16-16-16H16c-8.837 0-16 7.163-16 16v40c0 8.837 7.163 16 16 16zm0 160h416c8.837 0 16-7.163 16-16v-40c0-8.837-7.163-16-16-16H16c-8.837 0-16 7.163-16 16v40c0 8.837 7.163 16 16 16z\"><\/path><\/svg><\/span>\t<span class=\"jet-nav__mobile-trigger-close jet-blocks-icon\"><svg aria-hidden=\"true\" class=\"e-font-icon-svg e-fas-times\" viewBox=\"0 0 352 512\" xmlns=\"http:\/\/www.w3.org\/2000\/svg\"><path d=\"M242.72 256l100.07-100.07c12.28-12.28 12.28-32.19 0-44.48l-22.24-22.24c-12.28-12.28-32.19-12.28-44.48 0L176 189.28 75.93 89.21c-12.28-12.28-32.19-12.28-44.48 0L9.21 111.45c-12.28 12.28-12.28 32.19 0 44.48L109.28 256 9.21 356.07c-12.28 12.28-12.28 32.19 0 44.48l22.24 22.24c12.28 12.28 32.2 12.28 44.48 0L176 322.72l100.07 100.07c12.28 12.28 32.2 12.28 44.48 0l22.24-22.24c12.28-12.28 12.28-32.19 0-44.48L242.72 256z\"><\/path><\/svg><\/span><\/div><div class=\"menu-anamenu-container\"><div class=\"jet-nav m-layout-mobile jet-nav--vertical jet-nav--vertical-sub-bottom\"><div class=\"menu-item menu-item-type-post_type menu-item-object-page menu-item-home jet-nav__item-20 jet-nav__item\"><a href=\"https:\/\/unak2024.unak.org.tr\/\" class=\"menu-item-link menu-item-link-depth-0 menu-item-link-top\"><span class=\"jet-nav-link-text\">Ana Sayfa<\/span><\/a><\/div>\n<div class=\"menu-item menu-item-type-custom menu-item-object-custom menu-item-has-children jet-nav__item-42 jet-nav__item\"><a href=\"#\" class=\"menu-item-link menu-item-link-depth-0 menu-item-link-top\"><span class=\"jet-nav-link-text\">Hakk\u0131m\u0131zda<\/span><div class=\"jet-nav-arrow\"><svg aria-hidden=\"true\" class=\"e-font-icon-svg e-fa-angle-down\" viewBox=\"0 0 320 512\" xmlns=\"http:\/\/www.w3.org\/2000\/svg\"><path d=\"M143 352.3L7 216.3c-9.4-9.4-9.4-24.6 0-33.9l22.6-22.6c9.4-9.4 24.6-9.4 33.9 0l96.4 96.4 96.4-96.4c9.4-9.4 24.6-9.4 33.9 0l22.6 22.6c9.4 9.4 9.4 24.6 0 33.9l-136 136c-9.2 9.4-24.4 9.4-33.8 0z\"><\/path><\/svg><\/div><\/a>\n<div  class=\"jet-nav__sub jet-nav-depth-0\">\n\t<div class=\"menu-item menu-item-type-custom menu-item-object-custom jet-nav__item-43 jet-nav__item jet-nav-item-sub\"><a href=\"https:\/\/unak2024.unak.org.tr\/index.php\/kapsam\/\" class=\"menu-item-link menu-item-link-depth-1 menu-item-link-sub\"><span class=\"jet-nav-link-text\">Kapsam<\/span><\/a><\/div>\n\t<div class=\"menu-item menu-item-type-custom menu-item-object-custom menu-item-home jet-nav__item-44 jet-nav__item jet-nav-item-sub\"><a href=\"https:\/\/unak2024.unak.org.tr\/#konusma\" class=\"menu-item-link menu-item-link-depth-1 menu-item-link-sub\"><span class=\"jet-nav-link-text\">Konu\u015fmac\u0131lar<\/span><\/a><\/div>\n\t<div class=\"menu-item menu-item-type-custom menu-item-object-custom jet-nav__item-46 jet-nav__item jet-nav-item-sub\"><a href=\"https:\/\/unak2024.unak.org.tr\/index.php\/komiteler\/\" class=\"menu-item-link menu-item-link-depth-1 menu-item-link-sub\"><span class=\"jet-nav-link-text\">Komiteler<\/span><\/a><\/div>\n\t<div class=\"menu-item menu-item-type-custom menu-item-object-custom jet-nav__item-47 jet-nav__item jet-nav-item-sub\"><a href=\"https:\/\/unak2024.unak.org.tr\/index.php\/konaklama\/\" class=\"menu-item-link menu-item-link-depth-1 menu-item-link-sub\"><span class=\"jet-nav-link-text\">Konaklama ve Ula\u015f\u0131m<\/span><\/a><\/div>\n\t<div class=\"menu-item menu-item-type-custom menu-item-object-custom menu-item-home jet-nav__item-45 jet-nav__item jet-nav-item-sub\"><a href=\"https:\/\/unak2024.unak.org.tr\/#destekleyenler\" class=\"menu-item-link menu-item-link-depth-1 menu-item-link-sub\"><span class=\"jet-nav-link-text\">Destekleyenler<\/span><\/a><\/div>\n<\/div>\n<\/div>\n<div class=\"menu-item menu-item-type-post_type menu-item-object-page jet-nav__item-712 jet-nav__item\"><a href=\"https:\/\/unak2024.unak.org.tr\/index.php\/program\/\" class=\"menu-item-link menu-item-link-depth-0 menu-item-link-top\"><span class=\"jet-nav-link-text\">Program<\/span><\/a><\/div>\n<div class=\"menu-item menu-item-type-custom menu-item-object-custom jet-nav__item-32 jet-nav__item\"><a href=\"https:\/\/unak2024.unak.org.tr\/index.php\/katilimcilar\" class=\"menu-item-link menu-item-link-depth-0 menu-item-link-top\"><span class=\"jet-nav-link-text\">Kat\u0131l\u0131mc\u0131lar<\/span><\/a><\/div>\n<div class=\"menu-item menu-item-type-custom menu-item-object-custom jet-nav__item-33 jet-nav__item\"><a href=\"https:\/\/unak2024.unak.org.tr\/index.php\/kayit-sayfasi\/\" class=\"menu-item-link menu-item-link-depth-0 menu-item-link-top\"><span class=\"jet-nav-link-text\">Kay\u0131t<\/span><\/a><\/div>\n<div class=\"menu-item menu-item-type-custom menu-item-object-custom jet-nav__item-34 jet-nav__item\"><a href=\"https:\/\/unak2024.unak.org.tr\/index.php\/iletisim\/\" class=\"menu-item-link menu-item-link-depth-0 menu-item-link-top\"><span class=\"jet-nav-link-text\">\u0130leti\u015fim<\/span><\/a><\/div>\n<\/div><\/div><\/nav>\t\t\t\t<\/div>\n\t\t\t\t<\/div>\n\t\t\t\t<\/div>\n\t\t<div class=\"elementor-element elementor-element-e6287e4 e-con-full e-flex e-con e-child\" data-id=\"e6287e4\" data-element_type=\"container\" data-settings=\"{&quot;jet_parallax_layout_list&quot;:[]}\">\n\t\t\t\t<div class=\"elementor-element elementor-element-3009e03 elementor-widget elementor-widget-heading\" data-id=\"3009e03\" data-element_type=\"widget\" data-widget_type=\"heading.default\">\n\t\t\t\t<div class=\"elementor-widget-container\">\n\t\t\t\t\t<h4 class=\"elementor-heading-title elementor-size-default\">\u0130leti\u015fim<\/h4>\t\t\t\t<\/div>\n\t\t\t\t<\/div>\n\t\t\t\t<div class=\"elementor-element elementor-element-15d3698 elementor-shape-circle e-grid-align-left elementor-grid-0 elementor-widget elementor-widget-social-icons\" data-id=\"15d3698\" data-element_type=\"widget\" data-widget_type=\"social-icons.default\">\n\t\t\t\t<div class=\"elementor-widget-container\">\n\t\t\t\t\t\t\t<div class=\"elementor-social-icons-wrapper elementor-grid\">\n\t\t\t\t\t\t\t<span class=\"elementor-grid-item\">\n\t\t\t\t\t<a class=\"elementor-icon elementor-social-icon elementor-social-icon-facebook elementor-animation-bounce-in elementor-repeater-item-2633bf6\" href=\"https:\/\/www.facebook.com\/UNAKsocial\/\" target=\"_blank\">\n\t\t\t\t\t\t<span class=\"elementor-screen-only\">Facebook<\/span>\n\t\t\t\t\t\t<svg class=\"e-font-icon-svg e-fab-facebook\" viewBox=\"0 0 512 512\" xmlns=\"http:\/\/www.w3.org\/2000\/svg\"><path d=\"M504 256C504 119 393 8 256 8S8 119 8 256c0 123.78 90.69 226.38 209.25 245V327.69h-63V256h63v-54.64c0-62.15 37-96.48 93.67-96.48 27.14 0 55.52 4.84 55.52 4.84v61h-31.28c-30.8 0-40.41 19.12-40.41 38.73V256h68.78l-11 71.69h-57.78V501C413.31 482.38 504 379.78 504 256z\"><\/path><\/svg>\t\t\t\t\t<\/a>\n\t\t\t\t<\/span>\n\t\t\t\t\t\t\t<span class=\"elementor-grid-item\">\n\t\t\t\t\t<a class=\"elementor-icon elementor-social-icon elementor-social-icon-twitter elementor-animation-bounce-in elementor-repeater-item-d47868b\" href=\"https:\/\/twitter.com\/UNAKsocial\" target=\"_blank\">\n\t\t\t\t\t\t<span class=\"elementor-screen-only\">Twitter<\/span>\n\t\t\t\t\t\t<svg class=\"e-font-icon-svg e-fab-twitter\" viewBox=\"0 0 512 512\" xmlns=\"http:\/\/www.w3.org\/2000\/svg\"><path d=\"M459.37 151.716c.325 4.548.325 9.097.325 13.645 0 138.72-105.583 298.558-298.558 298.558-59.452 0-114.68-17.219-161.137-47.106 8.447.974 16.568 1.299 25.34 1.299 49.055 0 94.213-16.568 130.274-44.832-46.132-.975-84.792-31.188-98.112-72.772 6.498.974 12.995 1.624 19.818 1.624 9.421 0 18.843-1.3 27.614-3.573-48.081-9.747-84.143-51.98-84.143-102.985v-1.299c13.969 7.797 30.214 12.67 47.431 13.319-28.264-18.843-46.781-51.005-46.781-87.391 0-19.492 5.197-37.36 14.294-52.954 51.655 63.675 129.3 105.258 216.365 109.807-1.624-7.797-2.599-15.918-2.599-24.04 0-57.828 46.782-104.934 104.934-104.934 30.213 0 57.502 12.67 76.67 33.137 23.715-4.548 46.456-13.32 66.599-25.34-7.798 24.366-24.366 44.833-46.132 57.827 21.117-2.273 41.584-8.122 60.426-16.243-14.292 20.791-32.161 39.308-52.628 54.253z\"><\/path><\/svg>\t\t\t\t\t<\/a>\n\t\t\t\t<\/span>\n\t\t\t\t\t\t\t<span class=\"elementor-grid-item\">\n\t\t\t\t\t<a class=\"elementor-icon elementor-social-icon elementor-social-icon-youtube elementor-animation-bounce-in elementor-repeater-item-8e7be4d\" href=\"https:\/\/www.youtube.com\/@unakkurumsal\" target=\"_blank\">\n\t\t\t\t\t\t<span class=\"elementor-screen-only\">Youtube<\/span>\n\t\t\t\t\t\t<svg class=\"e-font-icon-svg e-fab-youtube\" viewBox=\"0 0 576 512\" xmlns=\"http:\/\/www.w3.org\/2000\/svg\"><path d=\"M549.655 124.083c-6.281-23.65-24.787-42.276-48.284-48.597C458.781 64 288 64 288 64S117.22 64 74.629 75.486c-23.497 6.322-42.003 24.947-48.284 48.597-11.412 42.867-11.412 132.305-11.412 132.305s0 89.438 11.412 132.305c6.281 23.65 24.787 41.5 48.284 47.821C117.22 448 288 448 288 448s170.78 0 213.371-11.486c23.497-6.321 42.003-24.171 48.284-47.821 11.412-42.867 11.412-132.305 11.412-132.305s0-89.438-11.412-132.305zm-317.51 213.508V175.185l142.739 81.205-142.739 81.201z\"><\/path><\/svg>\t\t\t\t\t<\/a>\n\t\t\t\t<\/span>\n\t\t\t\t\t\t\t<span class=\"elementor-grid-item\">\n\t\t\t\t\t<a class=\"elementor-icon elementor-social-icon elementor-social-icon-linkedin elementor-animation-bounce-in elementor-repeater-item-649427c\" href=\"https:\/\/www.linkedin.com\/in\/unak1991\" target=\"_blank\">\n\t\t\t\t\t\t<span class=\"elementor-screen-only\">Linkedin<\/span>\n\t\t\t\t\t\t<svg class=\"e-font-icon-svg e-fab-linkedin\" viewBox=\"0 0 448 512\" xmlns=\"http:\/\/www.w3.org\/2000\/svg\"><path d=\"M416 32H31.9C14.3 32 0 46.5 0 64.3v383.4C0 465.5 14.3 480 31.9 480H416c17.6 0 32-14.5 32-32.3V64.3c0-17.8-14.4-32.3-32-32.3zM135.4 416H69V202.2h66.5V416zm-33.2-243c-21.3 0-38.5-17.3-38.5-38.5S80.9 96 102.2 96c21.2 0 38.5 17.3 38.5 38.5 0 21.3-17.2 38.5-38.5 38.5zm282.1 243h-66.4V312c0-24.8-.5-56.7-34.5-56.7-34.6 0-39.9 27-39.9 54.9V416h-66.4V202.2h63.7v29.2h.9c8.9-16.8 30.6-34.5 62.9-34.5 67.2 0 79.7 44.3 79.7 101.9V416z\"><\/path><\/svg>\t\t\t\t\t<\/a>\n\t\t\t\t<\/span>\n\t\t\t\t\t\t\t<span class=\"elementor-grid-item\">\n\t\t\t\t\t<a class=\"elementor-icon elementor-social-icon elementor-social-icon-wordpress elementor-animation-bounce-in elementor-repeater-item-d4fe009\" href=\"https:\/\/unak.org.tr\/\" target=\"_blank\">\n\t\t\t\t\t\t<span class=\"elementor-screen-only\">WordPress<\/span>\n\t\t\t\t\t\t<svg class=\"e-font-icon-svg e-fab-wordpress\" viewBox=\"0 0 512 512\" xmlns=\"http:\/\/www.w3.org\/2000\/svg\"><path d=\"M61.7 169.4l101.5 278C92.2 413 43.3 340.2 43.3 256c0-30.9 6.6-60.1 18.4-86.6zm337.9 75.9c0-26.3-9.4-44.5-17.5-58.7-10.8-17.5-20.9-32.4-20.9-49.9 0-19.6 14.8-37.8 35.7-37.8.9 0 1.8.1 2.8.2-37.9-34.7-88.3-55.9-143.7-55.9-74.3 0-139.7 38.1-177.8 95.9 5 .2 9.7.3 13.7.3 22.2 0 56.7-2.7 56.7-2.7 11.5-.7 12.8 16.2 1.4 17.5 0 0-11.5 1.3-24.3 2l77.5 230.4L249.8 247l-33.1-90.8c-11.5-.7-22.3-2-22.3-2-11.5-.7-10.1-18.2 1.3-17.5 0 0 35.1 2.7 56 2.7 22.2 0 56.7-2.7 56.7-2.7 11.5-.7 12.8 16.2 1.4 17.5 0 0-11.5 1.3-24.3 2l76.9 228.7 21.2-70.9c9-29.4 16-50.5 16-68.7zm-139.9 29.3l-63.8 185.5c19.1 5.6 39.2 8.7 60.1 8.7 24.8 0 48.5-4.3 70.6-12.1-.6-.9-1.1-1.9-1.5-2.9l-65.4-179.2zm183-120.7c.9 6.8 1.4 14 1.4 21.9 0 21.6-4 45.8-16.2 76.2l-65 187.9C426.2 403 468.7 334.5 468.7 256c0-37-9.4-71.8-26-102.1zM504 256c0 136.8-111.3 248-248 248C119.2 504 8 392.7 8 256 8 119.2 119.2 8 256 8c136.7 0 248 111.2 248 248zm-11.4 0c0-130.5-106.2-236.6-236.6-236.6C125.5 19.4 19.4 125.5 19.4 256S125.6 492.6 256 492.6c130.5 0 236.6-106.1 236.6-236.6z\"><\/path><\/svg>\t\t\t\t\t<\/a>\n\t\t\t\t<\/span>\n\t\t\t\t\t<\/div>\n\t\t\t\t\t\t<\/div>\n\t\t\t\t<\/div>\n\t\t\t\t<div class=\"elementor-element elementor-element-a50e410 elementor-widget elementor-widget-heading\" data-id=\"a50e410\" data-element_type=\"widget\" data-widget_type=\"heading.default\">\n\t\t\t\t<div class=\"elementor-widget-container\">\n\t\t\t\t\t<h4 class=\"elementor-heading-title elementor-size-default\">Adres<\/h4>\t\t\t\t<\/div>\n\t\t\t\t<\/div>\n\t\t\t\t<div class=\"elementor-element elementor-element-a91b4e3 elementor-widget elementor-widget-text-editor\" data-id=\"a91b4e3\" data-element_type=\"widget\" data-widget_type=\"text-editor.default\">\n\t\t\t\t<div class=\"elementor-widget-container\">\n\t\t\t\t\t\t\t\t\t<p>Tar\u0131m ve Orman Bakanl\u0131\u011f\u0131 Uluslararas\u0131 Tar\u0131msal E\u011fitim Merkezi M\u00fcd\u00fcrl\u00fc\u011f\u00fc Gayret Mahallesi Fatih Sultan Mehmet Bulvar\u0131 3.Km No:36 06170 <br \/>Yenimahalle \/ ANKARA<\/p><p>sempozyum@unak.org.tr<\/p>\t\t\t\t\t\t\t\t<\/div>\n\t\t\t\t<\/div>\n\t\t\t\t<\/div>\n\t\t<div class=\"elementor-element elementor-element-691dc0c e-con-full e-flex e-con e-child\" data-id=\"691dc0c\" data-element_type=\"container\" data-settings=\"{&quot;jet_parallax_layout_list&quot;:[]}\">\n\t\t\t\t<div class=\"elementor-element elementor-element-3c2a59f elementor-widget__width-initial elementor-widget elementor-widget-google_maps\" data-id=\"3c2a59f\" data-element_type=\"widget\" data-widget_type=\"google_maps.default\">\n\t\t\t\t<div class=\"elementor-widget-container\">\n\t\t\t\t\t\t\t<div class=\"elementor-custom-embed\">\n\t\t\t<iframe loading=\"lazy\"\n\t\t\t\t\tsrc=\"https:\/\/maps.google.com\/maps?q=uluslararas%C4%B1%20tar%C4%B1msal%20e%C4%9Fitim%20merkezi&#038;t=m&#038;z=15&#038;output=embed&#038;iwloc=near\"\n\t\t\t\t\ttitle=\"uluslararas\u0131 tar\u0131msal e\u011fitim merkezi\"\n\t\t\t\t\taria-label=\"uluslararas\u0131 tar\u0131msal e\u011fitim merkezi\"\n\t\t\t><\/iframe>\n\t\t<\/div>\n\t\t\t\t\t\t<\/div>\n\t\t\t\t<\/div>\n\t\t\t\t<\/div>\n\t\t\t\t\t<\/div>\n\t\t\t\t<\/div>\n\t\t\t\t<\/div>\n\t\t","protected":false},"excerpt":{"rendered":"<p>\u0130leti\u015fim \u00dcniversite ve Ara\u015ft\u0131rma K\u00fct\u00fcphanecileri Derne\u011fi (\u00dcNAK) Adres: Fidanl\u0131k Mah., Marmara Sok. No:38\/17, 06420 Yeni\u015fehir \/ \u00c7ankaya \/ Ankara Tel: +90 (312) 430 03 61 E-posta: sempozyum@unak.org.tr Web:\u00a0 https:\/\/unak.org.tr Hakk\u0131nda Ana Sayfa Hakk\u0131m\u0131zda Kapsam Davetli Konu\u015fmac\u0131lar Komiteler Konaklama Destekleyenler Program Kat\u0131l\u0131mc\u0131lar Kay\u0131t \u0130leti\u015fim \u0130leti\u015fim Facebook Twitter Youtube Linkedin Wordpress Adres Tar\u0131m ve Orman Bakanl\u0131\u011f\u0131 Uluslararas\u0131 [&hellip;]<\/p>\n","protected":false},"author":1,"featured_media":0,"parent":0,"menu_order":0,"comment_status":"closed","ping_status":"closed","template":"","meta":{"_jf_save_progress":"","footnotes":""},"_links":{"self":[{"href":"https:\/\/unak2024.unak.org.tr\/index.php\/wp-json\/wp\/v2\/pages\/324"}],"collection":[{"href":"https:\/\/unak2024.unak.org.tr\/index.php\/wp-json\/wp\/v2\/pages"}],"about":[{"href":"https:\/\/unak2024.unak.org.tr\/index.php\/wp-json\/wp\/v2\/types\/page"}],"author":[{"embeddable":true,"href":"https:\/\/unak2024.unak.org.tr\/index.php\/wp-json\/wp\/v2\/users\/1"}],"replies":[{"embeddable":true,"href":"https:\/\/unak2024.unak.org.tr\/index.php\/wp-json\/wp\/v2\/comments?post=324"}],"version-history":[{"count":17,"href":"https:\/\/unak2024.unak.org.tr\/index.php\/wp-json\/wp\/v2\/pages\/324\/revisions"}],"predecessor-version":[{"id":544,"href":"https:\/\/unak2024.unak.org.tr\/index.php\/wp-json\/wp\/v2\/pages\/324\/revisions\/544"}],"wp:attachment":[{"href":"https:\/\/unak2024.unak.org.tr\/index.php\/wp-json\/wp\/v2\/media?parent=324"}],"curies":[{"name":"wp","href":"https:\/\/api.w.org\/{rel}","templated":true}]}}