{"id":688,"date":"2024-08-13T22:50:14","date_gmt":"2024-08-13T19:50:14","guid":{"rendered":"https:\/\/unak2024.unak.org.tr\/?page_id=688"},"modified":"2024-09-02T15:42:23","modified_gmt":"2024-09-02T12:42:23","slug":"program","status":"publish","type":"page","link":"https:\/\/unak2024.unak.org.tr\/index.php\/program\/","title":{"rendered":"Program"},"content":{"rendered":"\t\t<div data-elementor-type=\"wp-page\" data-elementor-id=\"688\" class=\"elementor elementor-688\">\n\t\t\t\t<div class=\"elementor-element elementor-element-ee22434 e-flex e-con-boxed e-con e-parent\" data-id=\"ee22434\" data-element_type=\"container\" data-settings=\"{&quot;jet_parallax_layout_list&quot;:[]}\">\n\t\t\t\t\t<div class=\"e-con-inner\">\n\t\t\t\t<div class=\"elementor-element elementor-element-8c6b8e0 elementor-widget elementor-widget-heading\" data-id=\"8c6b8e0\" data-element_type=\"widget\" data-widget_type=\"heading.default\">\n\t\t\t\t<div class=\"elementor-widget-container\">\n\t\t\t\t\t<h2 class=\"elementor-heading-title elementor-size-default\">Program<\/h2>\t\t\t\t<\/div>\n\t\t\t\t<\/div>\n\t\t\t\t\t<\/div>\n\t\t\t\t<\/div>\n\t\t<div class=\"elementor-element elementor-element-ff9fdf9 e-flex e-con-boxed e-con e-parent\" data-id=\"ff9fdf9\" data-element_type=\"container\" data-settings=\"{&quot;jet_parallax_layout_list&quot;:[]}\">\n\t\t\t\t\t<div class=\"e-con-inner\">\n\t\t\t\t<div class=\"elementor-element elementor-element-74ad214 elementor-widget elementor-widget-shortcode\" data-id=\"74ad214\" data-element_type=\"widget\" data-widget_type=\"shortcode.default\">\n\t\t\t\t<div class=\"elementor-widget-container\">\n\t\t\t\t\t\t\t<div class=\"elementor-shortcode\">\n<table id=\"tablepress-7\" class=\"tablepress tablepress-id-7 tbody-has-connected-cells\">\n<thead>\n<tr class=\"row-1\">\n\t<th class=\"column-1\"><span style=\"color:#1F4E79;\"><em><strong>1.\u00a0\u00a0G\u00fcn<\/strong><\/em><\/span><\/th><th class=\"column-2\"><span style=\"color:#376093;\"><strong>12 Eyl\u00fcl 2024 Per\u015fembe<\/strong><\/span><\/th>\n<\/tr>\n<\/thead>\n<tbody class=\"row-hover\">\n<tr class=\"row-2\">\n\t<td class=\"column-1\"><span style=\"color:#1F4E79;\"><em><strong>09.00 \u2013 09.30<\/strong><\/em><\/span><\/td><td class=\"column-2\"><span style=\"color:#376093;\"><strong>KAYIT<\/strong><\/span><\/td>\n<\/tr>\n<tr class=\"row-3\">\n\t<td class=\"column-1\"><span style=\"color:#1F4E79;\"><em><strong>09:30 \u2013 10:00<\/strong><\/em><\/span><\/td><td class=\"column-2\"><span style=\"color:#376093;\"><span style=\"color:#376093;\"><em><strong>Sayg\u0131 Duru\u015fu, \u0130stiklal Mar\u015f\u0131, A\u00e7\u0131l\u0131\u015f Konu\u015fmalar\u0131<\/strong><\/em><\/span><span style=\"color:#376093;\"><br \/>\n<\/span><span style=\"color:#376093;\"><strong>M. Fatih Kumsel <\/strong><\/span><span style=\"color:#376093;\"><br \/>\n(\u00dcNAK Derne\u011fi Ba\u015fkan\u0131)<br \/>\n<\/span><span style=\"color:#376093;\"><strong>Dr. B\u00fclent Kahraman \u00c7olako\u011flu<\/strong><\/span><span style=\"color:#376093;\"><br \/>\n(T.C. Tar\u0131m ve Orman Bakanl\u0131\u011f\u0131, E\u011fitim ve Yay\u0131n Dairesi Ba\u015fkan\u0131)<br \/>\n<\/span><span style=\"color:#376093;\"><strong>Bakan Yard\u0131mc\u0131s\u0131 <\/strong><\/span><span style=\"color:#376093;\">(Te\u015frifleri halinde)<br \/>\n(T.C. Tar\u0131m ve Orman Bakanl\u0131\u011f\u0131)<\/span><\/span><\/td>\n<\/tr>\n<tr class=\"row-4\">\n\t<td class=\"column-1\"><span style=\"color:#1F4E79;\"><em><strong>10:00 \u2013 10:30<\/strong><\/em><\/span><\/td><td class=\"column-2\"><span style=\"color:#376093;\"><span style=\"color:#376093;\"><em><strong>DAVETL\u0130 KONU\u015eMACI<\/strong><\/em><\/span><span style=\"color:#376093;\"><br \/>\n<\/span><span style=\"color:#376093;\"><strong>Do\u00e7. Dr. Mehlika Karag\u00f6zo\u011flu Asl\u0131y\u00fcksek<\/strong><\/span><span style=\"color:#376093;\"><br \/>\n(Marmara \u00dcniversitesi)<br \/>\n<\/span><span style=\"color:#C00000;\">\u201cYapay Zek\u00e2 \u00c7a\u011f\u0131nda K\u00fct\u00fcphaneciler\u201d<\/span><\/span><\/td>\n<\/tr>\n<tr class=\"row-5\">\n\t<td class=\"column-1\"><span style=\"color:#1F4E79;\"><em><strong>10:30 \u2013 10:50<\/strong><\/em><\/span><\/td><td class=\"column-2\"><span style=\"color:#376093;\"><span style=\"color:#376093;\"><strong>Melahat Karsl\u0131, <\/strong><\/span><span style=\"color:#376093;\"><br \/>\n(Karadeniz Teknik \u00dcniversitesi)    <br \/>\n<\/span><span style=\"color:#376093;\"><strong>\u00d6zlem Aslan <\/strong><\/span><span style=\"color:#376093;\"><br \/>\n(Alanya Alaaddin Keykubat \u00dcniversitesi )    <br \/>\n<\/span><span style=\"color:#C00000;\">\u201cYapay Zek\u00e2 K\u00fct\u00fcphaneler ve K\u00fct\u00fcphaneciler \u0130\u00e7in Bir Tehdit Mi?\u201d<\/span><\/span><\/td>\n<\/tr>\n<tr class=\"row-6\">\n\t<td class=\"column-1\"><span style=\"color:#1F4E79;\"><em><strong>10:50 \u2013 11:10<\/strong><\/em><\/span><\/td><td class=\"column-2\"><span style=\"color:#376093;\"><span style=\"color:#376093;\"><strong>Assel Lakhayeva <\/strong><\/span><span style=\"color:#376093;\"><br \/>\n(T\u00fcrk Tarih\u00a0ve\u00a0K\u00fclt\u00fcr\u00a0Vakf\u0131)<br \/>\n<\/span><span style=\"color:#C00000;\">\u201cT\u00dcRKTAV ve INFORMASCOPE \u0130\u015fbirli\u011fi ile Turcology: T\u00fcrk D\u00fcnyas\u0131 Dijital Ar\u015fivi\u201d<\/span><\/span><\/td>\n<\/tr>\n<tr class=\"row-7\">\n\t<td class=\"column-1\"><span style=\"color:#1F4E79;\"><em><strong>11:10 \u2013 11:20<\/strong><\/em><\/span><\/td><td class=\"column-2\"><span style=\"color:#376093;\"><strong>Kahve Aras\u0131<\/strong><\/span><\/td>\n<\/tr>\n<tr class=\"row-8\">\n\t<td class=\"column-1\"><span style=\"color:#1F4E79;\"><em><strong>11:20 \u201311:40<\/strong><\/em><\/span><\/td><td class=\"column-2\"><span style=\"color:#376093;\"><span style=\"color:#376093;\"><strong>Derya So\u011fuksu<\/strong><\/span><span style=\"color:#376093;\"><br \/>\n(Senior Customer Success Consultant  CLARIVATE)<br \/>\n<\/span><span style=\"color:#C00000;\">\u201cYapay Zeka \u00c7a\u011f\u0131nda Clarivate Web of Science Research Assistant: Sorumlu yapay zeka ile ke\u015ffi geli\u015ftirin\u201d<\/span><\/span><\/td>\n<\/tr>\n<tr class=\"row-9\">\n\t<td class=\"column-1\"><span style=\"color:#1F4E79;\"><em><strong>11:40 \u2013 12:00<\/strong><\/em><\/span><\/td><td class=\"column-2\"><span style=\"color:#376093;\"><span style=\"color:#376093;\"><strong>Soner Fidan<br \/>\n<\/strong><\/span><span style=\"color:#376093;\">(Kahramanmara\u015f Karacao\u011flan \u0130l Halk K\u00fct\u00fcphanesi)<br \/>\n<\/span><span style=\"color:#C00000;\">\u201cK\u00fct\u00fcphanelerde Teknoloji ve Yeniliklerin Kullan\u0131m\u0131\u201d<\/span><\/span><\/td>\n<\/tr>\n<tr class=\"row-10\">\n\t<td class=\"column-1\"><span style=\"color:#1F4E79;\"><em><strong>12:00 \u201312:20<\/strong><\/em><\/span><\/td><td class=\"column-2\"><span style=\"color:#376093;\"><span style=\"color:#376093;\"><strong>Merve Okur <\/strong><\/span><span style=\"color:#376093;\"><br \/>\nLisanslama M\u00fcd\u00fcr\u00fc Springer Nature<br \/>\n<\/span><span style=\"color:#C00000;\">\u201cSpringer Nature: D\u00f6n\u00fc\u015f\u00fcm Anla\u015fmalar\u0131n\u0131n A\u00e7\u0131k Eri\u015fime Ge\u00e7i\u015fteki Rol\u00fc\u201d<\/span><\/span><\/td>\n<\/tr>\n<tr class=\"row-11\">\n\t<td class=\"column-1\"><span style=\"color:#1F4E79;\"><em><strong>12:20 \u2013 12:40<\/strong><\/em><\/span><\/td><td class=\"column-2\"><span style=\"color:#376093;\"><span style=\"color:#376093;\"><strong>\u00d6zcan K\u0131l\u0131\u00e7<br \/>\nU\u011fur K\u00f6se<\/strong><\/span><span style=\"color:#376093;\"><br \/>\n(At\u0131l\u0131m \u00dcniversitesi)<br \/>\n<\/span><span style=\"color:#C00000;\">\u201cToplum 5.0: K\u00fct\u00fcphanecilik Hizmetlerinde Yeni Nesil Yakla\u015f\u0131mlar\u201d<\/span><\/span><\/td>\n<\/tr>\n<tr class=\"row-12\">\n\t<td class=\"column-1\"><span style=\"color:#1F4E79;\"><em><strong>12:40 \u2013 14:00<\/strong><\/em><\/span><\/td><td class=\"column-2\"><span style=\"color:#376093;\"><strong>\u00d6\u011fle Aras\u0131<\/strong><\/span><\/td>\n<\/tr>\n<tr class=\"row-13\">\n\t<td class=\"column-1\"><span style=\"color:#1F4E79;\"><em><strong>14:00 \u2013 15:00<\/strong><\/em><\/span><\/td><td class=\"column-2\"><span style=\"color:#376093;\"><span style=\"color:#376093;\"><em><strong>PANEL<\/strong><\/em><\/span><span style=\"color:#376093;\"><br \/>\n<\/span><span style=\"color:#C00000;\">\u201cB\u00fcy\u00fck Dil Modelleri\u201d<\/span><span style=\"color:#376093;\"><br \/>\n<\/span><span style=\"color:#376093;\"><em><strong>Panelistler<\/strong><\/em><\/span><span style=\"color:#376093;\"><br \/>\n<\/span><span style=\"color:#376093;\"><strong>Do\u00e7. Dr. Erman Ak\u0131ll\u0131<\/strong><\/span><span style=\"color:#376093;\"><br \/>\n(Ankara Hac\u0131 Bayram Veli \u00dcniversitesi)<br \/>\n<\/span><span style=\"color:#376093;\"><strong>Dr. Gloria Shkurti \u00d6zdemir<\/strong><\/span><span style=\"color:#376093;\"><br \/>\n(SETA) <br \/>\n<\/span><span style=\"color:#376093;\"><strong>Dr. Fatih Sinan Esen<\/strong><\/span><span style=\"color:#376093;\"><br \/>\n(Metaverse Projesi T\u00fcrkiye)<\/span><\/span><\/td>\n<\/tr>\n<tr class=\"row-14\">\n\t<td class=\"column-1\"><span style=\"color:#1F4E79;\"><em><strong>15:00 \u2013 15:10<\/strong><\/em><\/span><\/td><td class=\"column-2\"><span style=\"color:#376093;\"><strong>Kahve Aras\u0131<\/strong><\/span><\/td>\n<\/tr>\n<tr class=\"row-15\">\n\t<td class=\"column-1\"><span style=\"color:#1F4E79;\"><em><strong>15:10 \u201315:30<\/strong><\/em><\/span><\/td><td class=\"column-2\"><span style=\"color:#376093;\"><span style=\"color:#376093;\"><strong>Sena Beygirci <\/strong><\/span><span style=\"color:#376093;\"><br \/>\n(Bilgi Belge Uzman\u0131 INSERES)<br \/>\n<\/span><span style=\"color:#C00000;\">\u201cChatbot Teknolojilerinin K\u00fct\u00fcphanelerde Kullan\u0131m\u0131: INSERES Chatbot \u00d6rne\u011fi\u201d<\/span><\/span><\/td>\n<\/tr>\n<tr class=\"row-16\">\n\t<td class=\"column-1\"><span style=\"color:#1F4E79;\"><em><strong>15:30 \u2013 15:50<\/strong><\/em><\/span><\/td><td class=\"column-2\"><span style=\"color:#376093;\"><span style=\"color:#376093;\"><strong>Dr. Sami \u00c7uhadar<br \/>\nAbdullah Turan <\/strong><\/span><span style=\"color:#376093;\"><br \/>\n(\u0130stanbul Bilgi \u00dcniversitesi)<br \/>\n<\/span><span style=\"color:#C00000;\">\u201cYapay Zek\u00e2 \u00c7a\u011f\u0131nda Akademik K\u00fct\u00fcphane Hizmetlerini Yeniden D\u00fc\u015f\u00fcnmek\u201d<\/span><\/span><\/td>\n<\/tr>\n<tr class=\"row-17\">\n\t<td class=\"column-1\"><span style=\"color:#1F4E79;\"><em><strong>15:50 \u2013 16:10<\/strong><\/em><\/span><\/td><td class=\"column-2\"><span style=\"color:#376093;\"><span style=\"color:#376093;\"><strong>Ebru G\u00f6n\u00fcl T\u00fcrk <\/strong><\/span><span style=\"color:#376093;\"><br \/>\n(Ko\u00e7 \u00dcniversitesi)<br \/>\n<\/span><span style=\"color:#C00000;\">\u201c\u0130klim De\u011fi\u015fikli\u011fi Okuryazarl\u0131\u011f\u0131 ve Akademik K\u00fct\u00fcphaneler\u201d<\/span><\/span><\/td>\n<\/tr>\n<tr class=\"row-18\">\n\t<td class=\"column-1\"><span style=\"color:#1F4E79;\"><em><strong>16:10 \u2013 16:30<\/strong><\/em><\/span><\/td><td class=\"column-2\"><span style=\"color:#376093;\"><strong>DELBANCO<\/strong><\/span><\/td>\n<\/tr>\n<tr class=\"row-19\">\n\t<td class=\"column-1\"><span style=\"color:#1F4E79;\"><em><strong>16:30 \u2013 16:50<\/strong><\/em><\/span><\/td><td class=\"column-2\"><span style=\"color:#376093;\"><span style=\"color:#376093;\"><strong>Halil Ru\u015fen \u00c7ukur<\/strong><\/span><span style=\"color:#376093;\"><br \/>\n(\u0130stanbul Sa\u011fl\u0131k ve Teknoloji \u00dcniversitesi)<br \/>\n<\/span><span style=\"color:#C00000;\">\u201cYeni Nesil K\u00fct\u00fcphaneler: Teknoloji ve Yeniliklerle D\u00f6n\u00fc\u015f\u00fcm\u201d<\/span><\/span><\/td>\n<\/tr>\n<tr class=\"row-20\">\n\t<td class=\"column-1\"><span style=\"color:#1F4E79;\"><em><strong><\/strong><\/em><\/span><\/td><td class=\"column-2\"><span style=\"color:#376093;\"><\/span><\/td>\n<\/tr>\n<tr class=\"row-21\">\n\t<td class=\"column-1\"><span style=\"color:#1F4E79;\"><em><strong>2.\u00a0\u00a0\u00a0G\u00fcn<\/strong><\/em><\/span><\/td><td class=\"column-2\"><span style=\"color:#376093;\"><em><strong>13 Eyl\u00fcl 2024 Cuma<\/strong><\/em><\/span><\/td>\n<\/tr>\n<tr class=\"row-22\">\n\t<td class=\"column-1\"><span style=\"color:#1F4E79;\"><em><strong>09:30 \u2013 09:50<\/strong><\/em><\/span><\/td><td class=\"column-2\"><span style=\"color:#376093;\"><span style=\"color:#376093;\"><strong>Hande Hanay Atasa\u011fun <br \/>\nM\u00fcberra Y\u0131lmaz <br \/>\nSebahat Ke\u00e7ici <\/strong><\/span><span style=\"color:#376093;\"><br \/>\n(TED \u00dcniversitesi)<br \/>\n<\/span><span style=\"color:#C00000;\">\u201cBilimsel \u0130leti\u015fim Ekosisteminde Akademik K\u00fct\u00fcphaneler: TEDU 102 \u00d6rne\u011fi\u201d<\/span><\/span><\/td>\n<\/tr>\n<tr class=\"row-23\">\n\t<td class=\"column-1\"><span style=\"color:#1F4E79;\"><em><strong>09:50 \u2013 10:10<\/strong><\/em><\/span><\/td><td class=\"column-2\"><span style=\"color:#376093;\"><span style=\"color:#376093;\"><strong>Mehmet Bilir<\/strong><\/span><span style=\"color:#376093;\"><br \/>\n(Tar\u0131m ve Orman Bakanl\u0131\u011f\u0131 Dijital Tar\u0131m K\u00fct\u00fcphanesi)<br \/>\n<\/span><span style=\"color:#C00000;\">\u201cTar\u0131m \u0130htisas K\u00fct\u00fcphanesi'nden Dijital Tar\u0131m K\u00fct\u00fcphanesine D\u00f6n\u00fc\u015f\u00fcm\u201d<\/span><\/span><\/td>\n<\/tr>\n<tr class=\"row-24\">\n\t<td class=\"column-1\"><span style=\"color:#1F4E79;\"><em><strong>10:10 \u2013 10:30<\/strong><\/em><\/span><\/td><td class=\"column-2\"><span style=\"color:#376093;\"><span style=\"color:#376093;\"><strong>\u0130lhami Ayd\u0131n <\/strong><\/span><span style=\"color:#376093;\"><br \/>\n(Tar\u0131m ve Orman Bakanl\u0131\u011f\u0131 Orman Yang\u0131nlar\u0131yla M\u00fccadele Daire Ba\u015fkanl\u0131\u011f\u0131)<br \/>\n<\/span><span style=\"color:#C00000;\">\u201cOrman Yang\u0131nlar\u0131 \u0130le M\u00fccadele Hizmetlerinde Y\u00fcksek Teknoloji ve Yapay Zeka Kullan\u0131m\u0131\u201d<\/span><\/span><\/td>\n<\/tr>\n<tr class=\"row-25\">\n\t<td class=\"column-1\"><span style=\"color:#1F4E79;\"><em><strong>10:30 \u2013 10:50<\/strong><\/em><\/span><\/td><td class=\"column-2\"><span style=\"color:#376093;\"><span style=\"color:#376093;\"><strong>O\u011fuz Kuru<\/strong><\/span><span style=\"color:#376093;\"><br \/>\n(Tekelio\u011flu \u0130l Halk K\u00fct\u00fcphanesi)<br \/>\n<\/span><span style=\"color:#C00000;\">\u201cHalk K\u00fct\u00fcphanelerinin E\u011fitici Misyonu: Tekelio\u011flu Ak\u0131l ve Zek\u00e2 Oyunlar\u0131 Kul\u00fcb\u00fc\u201d<\/span><\/span><\/td>\n<\/tr>\n<tr class=\"row-26\">\n\t<td class=\"column-1\"><span style=\"color:#1F4E79;\"><em><strong>10:50 \u2013 11:00<\/strong><\/em><\/span><\/td><td class=\"column-2\"><span style=\"color:#376093;\"><strong>Kahve Aras\u0131<\/strong><\/span><\/td>\n<\/tr>\n<tr class=\"row-27\">\n\t<td class=\"column-1\"><span style=\"color:#1F4E79;\"><em><strong>11:00 \u2013 11:20<\/strong><\/em><\/span><\/td><td class=\"column-2\"><span style=\"color:#376093;\"><span style=\"color:#376093;\"><strong>Celal \u00d6zkan<\/strong><\/span><span style=\"color:#376093;\"><br \/>\n(Informascope)<br \/>\n<\/span><span style=\"color:#C00000;\">\u201cScopus AI: Yapay Zekayla Akademik Ara\u015ft\u0131rmalarda Yeni Bir Devrim\u201d<\/span><\/span><\/td>\n<\/tr>\n<tr class=\"row-28\">\n\t<td class=\"column-1\"><span style=\"color:#1F4E79;\"><em><strong>11:20 \u2013 11:40<\/strong><\/em><\/span><\/td><td class=\"column-2\"><span style=\"color:#376093;\"><span style=\"color:#376093;\"><strong>Cem \u00d6zel<\/strong><\/span><span style=\"color:#376093;\"><br \/>\n(Sabanc\u0131 \u00dcniversitesi)<br \/>\n<\/span><span style=\"color:#C00000;\">\u201cYenilik\u00e7ilik ve Tutuculuk Ba\u011flam\u0131nda Web of Science ve Scopus\u2019un Kar\u015f\u0131la\u015ft\u0131r\u0131lmas\u0131\u201d<\/span><\/span><\/td>\n<\/tr>\n<tr class=\"row-29\">\n\t<td class=\"column-1\"><span style=\"color:#1F4E79;\"><em><strong>11:40\u2013 12:00<\/strong><\/em><\/span><\/td><td class=\"column-2\"><span style=\"color:#376093;\"><span style=\"color:#376093;\"><strong>Feride Ayd\u0131n \u00c7olak<\/strong><\/span><span style=\"color:#376093;\"><br \/>\n(U\u015fak \u00dcniversitesi)<br \/>\n<\/span><span style=\"color:#C00000;\">\u201cAkademik K\u00fct\u00fcphane Hizmetlerinde Yenilik\u00e7i Bir Yakla\u015f\u0131m Olarak Kalite G\u00fcvence Sistemleri ve Uygulamalar\u0131\u201d<\/span><\/span><\/td>\n<\/tr>\n<tr class=\"row-30\">\n\t<td class=\"column-1\"><span style=\"color:#1F4E79;\"><em><strong>12:00 \u2013 12:20<\/strong><\/em><\/span><\/td><td class=\"column-2\"><span style=\"color:#376093;\"><span style=\"color:#376093;\"><strong>U\u011furcan \u00d6zkan<\/strong><\/span><span style=\"color:#376093;\"><br \/>\nManager, Training Services - Central, Eastern &amp; Southeast Europe, Central Asia &amp; Caucasus EBSCO Information Services<br \/>\n<\/span><span style=\"color:#C00000;\">\u201cEBSCO'dan Yenilikler: Yapay Zek\u00e2 Destekli Akademik Ara\u015ft\u0131rmalar ve Yeni \u00c7\u00f6z\u00fcmler\u201d<\/span><\/span><\/td>\n<\/tr>\n<tr class=\"row-31\">\n\t<td class=\"column-1\"><span style=\"color:#1F4E79;\"><em><strong>12:20 \u2013 14:00<\/strong><\/em><\/span><\/td><td class=\"column-2\"><span style=\"color:#376093;\"><strong>\u00d6\u011fle Aras\u0131<\/strong><\/span><\/td>\n<\/tr>\n<tr class=\"row-32\">\n\t<td class=\"column-1\"><span style=\"color:#1F4E79;\"><em><strong>14:00 \u2013 14:20<\/strong><\/em><\/span><\/td><td class=\"column-2\"><span style=\"color:#376093;\"><span style=\"color:#376093;\"><strong>Dr. Nurdan Atalan \u00c7ay\u0131rezmez<br \/>\nIlg\u0131n Deniz Can<\/strong><\/span><span style=\"color:#376093;\"><br \/>\n(The British Institute Ankara)<br \/>\n<\/span><span style=\"color:#376093;\"><strong>Prof. Dr. Necmi Aksoy<\/strong><\/span><span style=\"color:#376093;\"><br \/>\n(D\u00fczce \u00dcniversitesi) <br \/>\n<\/span><span style=\"color:#C00000;\"> \u201cThe British Institute at Ankara (BIAA) Ara\u015ft\u0131rma Enstit\u00fcs\u00fc: Botanik Referans Koleksiyonlar\u0131 Dijitalle\u015ftirme Projesi\u201d<\/span><\/span><\/td>\n<\/tr>\n<tr class=\"row-33\">\n\t<td class=\"column-1\"><span style=\"color:#1F4E79;\"><em><strong>14:20 \u2013 14:40<\/strong><\/em><\/span><\/td><td class=\"column-2\"><span style=\"color:#376093;\"><span style=\"color:#376093;\"><strong>Refika Aldatmaz<\/strong><\/span><span style=\"color:#376093;\"><br \/>\nBOOKCITES<br \/>\n<\/span><span style=\"color:#C00000;\">BookCites: \u2018\u2019Bas\u0131l\u0131 Kaynaklarda At\u0131f Arama\/Literat\u00fcr Tarama \u00d6rne\u011fi\u2019\u2019<\/span><\/span><\/td>\n<\/tr>\n<tr class=\"row-34\">\n\t<td class=\"column-1\"><span style=\"color:#1F4E79;\"><em><strong>14:40 \u2013 15:00<\/strong><\/em><\/span><\/td><td class=\"column-2\"><span style=\"color:#376093;\"><span style=\"color:#376093;\"><strong>O\u011fuz \u00c7olak<\/strong><\/span><span style=\"color:#376093;\"><br \/>\n(\u0130stanbul Rami K\u00fct\u00fcphanesi)<br \/>\n<\/span><span style=\"color:#C00000;\">\u201cK\u00fct\u00fcphanecilerin Veri Okuryazarl\u0131\u011f\u0131 Becerilerinin Geli\u015ftirilmesi: Library Carpentry Toplulu\u011fu Ba\u011flam\u0131nda Bir De\u011ferlendirme\u201d<\/span><\/span><\/td>\n<\/tr>\n<tr class=\"row-35\">\n\t<td class=\"column-1\"><span style=\"color:#1F4E79;\"><em><strong>15:00 \u2013 15:10<\/strong><\/em><\/span><\/td><td class=\"column-2\"><span style=\"color:#376093;\"><strong>Kahve Aras\u0131<\/strong><\/span><\/td>\n<\/tr>\n<tr class=\"row-36\">\n\t<td colspan=\"2\" class=\"column-1\"><span style=\"color:#376093;\"><strong>LibraryFest Oturumu<\/strong><\/span><\/td>\n<\/tr>\n<tr class=\"row-37\">\n\t<td class=\"column-1\"><span style=\"color:#1F4E79;\"><em><strong>15:10 \u2013 16:30<\/strong><\/em><\/span><\/td><td class=\"column-2\"><span style=\"color:#376093;\"><span style=\"color:#376093;\"><em><strong>PANEL<\/strong><\/em><\/span><span style=\"color:#376093;\"><br \/>\n<\/span><span style=\"color:#C00000;\">\u201cDijital \u00c7a\u011fda Gelece\u011fin K\u00fct\u00fcphanecilerinden Yenilik\u00e7i Yakla\u015f\u0131mlar\u201d<\/span><span style=\"color:#376093;\"><br \/>\n<\/span><span style=\"color:#376093;\"><em><strong>Panelistler<\/strong><\/em><\/span><span style=\"color:#376093;\"><br \/>\n<\/span><span style=\"color:#376093;\"><strong>Ay\u015fenur Demirel<\/strong><\/span><span style=\"color:#376093;\"><br \/>\n(Marmara \u00dcniversitesi Bilgi Y\u00f6netim Kul\u00fcb\u00fc)<br \/>\n<\/span><span style=\"color:#376093;\"><strong>Afra Nur Din\u00e7<\/strong><\/span><span style=\"color:#376093;\"><br \/>\n(29 May\u0131s \u00dcniversitesi, TKD Kamp\u00fcs) <br \/>\n<\/span><span style=\"color:#376093;\"><strong>Ravza Metindo\u011fan<\/strong><\/span><span style=\"color:#376093;\"><br \/>\n(Marmara \u00dcniversitesi Bilgi Y\u00f6netim Kul\u00fcb\u00fc)<\/span><\/span><\/td>\n<\/tr>\n<tr class=\"row-38\">\n\t<td class=\"column-1\"><span style=\"color:#1F4E79;\"><em><strong>16:30<\/strong><\/em><\/span><\/td><td class=\"column-2\"><span style=\"color:#376093;\"><strong>Kapan\u0131\u015f<\/strong><\/span><\/td>\n<\/tr>\n<\/tbody>\n<\/table>\n<\/div>\n\t\t\t\t\t\t<\/div>\n\t\t\t\t<\/div>\n\t\t\t\t\t<\/div>\n\t\t\t\t<\/div>\n\t\t\t\t<\/div>\n\t\t","protected":false},"excerpt":{"rendered":"<p>Program<\/p>\n","protected":false},"author":1,"featured_media":0,"parent":0,"menu_order":0,"comment_status":"closed","ping_status":"closed","template":"","meta":{"_jf_save_progress":"","footnotes":""},"_links":{"self":[{"href":"https:\/\/unak2024.unak.org.tr\/index.php\/wp-json\/wp\/v2\/pages\/688"}],"collection":[{"href":"https:\/\/unak2024.unak.org.tr\/index.php\/wp-json\/wp\/v2\/pages"}],"about":[{"href":"https:\/\/unak2024.unak.org.tr\/index.php\/wp-json\/wp\/v2\/types\/page"}],"author":[{"embeddable":true,"href":"https:\/\/unak2024.unak.org.tr\/index.php\/wp-json\/wp\/v2\/users\/1"}],"replies":[{"embeddable":true,"href":"https:\/\/unak2024.unak.org.tr\/index.php\/wp-json\/wp\/v2\/comments?post=688"}],"version-history":[{"count":18,"href":"https:\/\/unak2024.unak.org.tr\/index.php\/wp-json\/wp\/v2\/pages\/688\/revisions"}],"predecessor-version":[{"id":1431,"href":"https:\/\/unak2024.unak.org.tr\/index.php\/wp-json\/wp\/v2\/pages\/688\/revisions\/1431"}],"wp:attachment":[{"href":"https:\/\/unak2024.unak.org.tr\/index.php\/wp-json\/wp\/v2\/media?parent=688"}],"curies":[{"name":"wp","href":"https:\/\/api.w.org\/{rel}","templated":true}]}}